{"id":2,"date":"2016-05-10T03:48:21","date_gmt":"2016-05-10T03:48:21","guid":{"rendered":"http:\/\/dev.skischuleaktiv.de\/?page_id=2"},"modified":"2019-10-04T19:28:28","modified_gmt":"2019-10-04T19:28:28","slug":"sample-page","status":"publish","type":"page","link":"https:\/\/www.skischuleaktiv.de\/","title":{"rendered":"Sample Page"},"content":{"rendered":"<h2>Herzlich Willkommen bei Aktiv, der Ski-, Snowboard- und Nordic Fitness-Schule am Oedberg<\/h2>\n<p>Als erster Berg nach den Toren M\u00fcnchens, gelegen am wundersch\u00f6nen Tegernsee, bietet der Oedberg durchgehenden Skibetrieb von 9 bis 21 Uhr mit Flutlicht. Das Wintersportzentrum ist auch bei winterlichsten Stra\u00dfenverh\u00e4ltnissen sicher und einfach zu erreichen und bietet eine hohe Schneesicherheit durch eine leistungsstarke Beschneiungsanlage.<\/p>\n<p>Die <strong>Skischule AKTIV mit angegliedertem Skiverleih<\/strong> befindet sich direkt an der Piste.<\/p>\n<p>Das kleine Gebiet besticht durch sein gro\u00dfz\u00fcgig angelegtes, sicheres Einsteigergel\u00e4nde mit F\u00f6rderband und Seilliften. Hier k\u00f6nnen Kinder ab 4 Jahren angstfrei die ersten Skiversuche im Skikurs wagen. Die Fortgeschrittenen vertiefen ihr K\u00f6nnen am &#8220;blauen&#8221; Mittelhang oder am &#8220;roten&#8221; Weltcuphang.<\/p>\n<p>Langl\u00e4ufer kommen sowohl klassisch als auch skatend auf der wundersch\u00f6nen Talloipe mit Blick \u00fcber den Tegernsee auf ihre Kosten. Der Einstieg liegt direkt vor der Haust\u00fcr.<\/p>\n<p>Die Tubingbahn bietet Schnee-Spa\u00df und Abwechslung f\u00fcr die ganze Familie, anschlie\u00dfend l\u00e4dt die Oedberg-Alm zum Verweilen und Aufw\u00e4rmen ein.<\/p>\n","protected":false},"excerpt":{"rendered":"<p>Herzlich Willkommen bei Aktiv, der Ski-, Snowboard- und Nordic Fitness-Schule am Oedberg Als erster Berg nach den Toren M\u00fcnchens, gelegen am wundersch\u00f6nen Tegernsee, bietet der Oedberg durchgehenden Skibetrieb von 9 bis 21 Uhr mit Flutlicht. Das Wintersportzentrum ist auch bei winterlichsten Stra\u00dfenverh\u00e4ltnissen sicher und einfach zu erreichen und bietet eine<a class=\"moretag\" href=\"https:\/\/www.skischuleaktiv.de\/\"> Weiterlesen<\/a><\/p>\n","protected":false},"author":1,"featured_media":176,"parent":0,"menu_order":0,"comment_status":"closed","ping_status":"open","template":"","meta":{"jetpack_post_was_ever_published":false,"footnotes":""},"jetpack_sharing_enabled":true,"jetpack_shortlink":"https:\/\/wp.me\/Paq1nC-2","_links":{"self":[{"href":"https:\/\/www.skischuleaktiv.de\/index.php?rest_route=\/wp\/v2\/pages\/2"}],"collection":[{"href":"https:\/\/www.skischuleaktiv.de\/index.php?rest_route=\/wp\/v2\/pages"}],"about":[{"href":"https:\/\/www.skischuleaktiv.de\/index.php?rest_route=\/wp\/v2\/types\/page"}],"author":[{"embeddable":true,"href":"https:\/\/www.skischuleaktiv.de\/index.php?rest_route=\/wp\/v2\/users\/1"}],"replies":[{"embeddable":true,"href":"https:\/\/www.skischuleaktiv.de\/index.php?rest_route=%2Fwp%2Fv2%2Fcomments&post=2"}],"version-history":[{"count":9,"href":"https:\/\/www.skischuleaktiv.de\/index.php?rest_route=\/wp\/v2\/pages\/2\/revisions"}],"predecessor-version":[{"id":394,"href":"https:\/\/www.skischuleaktiv.de\/index.php?rest_route=\/wp\/v2\/pages\/2\/revisions\/394"}],"wp:featuredmedia":[{"embeddable":true,"href":"https:\/\/www.skischuleaktiv.de\/index.php?rest_route=\/wp\/v2\/media\/176"}],"wp:attachment":[{"href":"https:\/\/www.skischuleaktiv.de\/index.php?rest_route=%2Fwp%2Fv2%2Fmedia&parent=2"}],"curies":[{"name":"wp","href":"https:\/\/api.w.org\/{rel}","templated":true}]}}